{"id":6187,"date":"2025-06-05T00:50:41","date_gmt":"2025-06-05T03:50:41","guid":{"rendered":"https:\/\/iadesl.org\/?post_type=product&#038;p=6187"},"modified":"2025-06-05T01:35:28","modified_gmt":"2025-06-05T04:35:28","slug":"molde-coracoes-plano-da-salvacao","status":"publish","type":"product","link":"https:\/\/iadesl.org\/index.php\/produto\/molde-coracoes-plano-da-salvacao\/","title":{"rendered":"Molde Cora\u00e7\u00f5es: Plano da Salva\u00e7\u00e3o"},"content":{"rendered":"<p>Molde Cora\u00e7\u00f5es: Plano da Salva\u00e7\u00e3o<br \/>\npor Tia Keyla Pav\u00e3o<\/p>\n","protected":false},"excerpt":{"rendered":"<p>Molde Cora\u00e7\u00f5es: Plano da Salva\u00e7\u00e3o por Tia Keyla Pav\u00e3o<\/p>\n","protected":false},"featured_media":6189,"template":"","meta":[],"product_brand":[],"product_cat":[2327,2369,2370],"product_tag":[],"class_list":{"0":"post-6187","1":"product","2":"type-product","3":"status-publish","4":"has-post-thumbnail","6":"product_cat-kit-treinamento","7":"product_cat-molde","8":"product_cat-recurso-visual","10":"first","11":"instock","12":"featured","13":"downloadable","14":"virtual","15":"purchasable","16":"product-type-simple"},"_links":{"self":[{"href":"https:\/\/iadesl.org\/index.php\/wp-json\/wp\/v2\/product\/6187","targetHints":{"allow":["GET"]}}],"collection":[{"href":"https:\/\/iadesl.org\/index.php\/wp-json\/wp\/v2\/product"}],"about":[{"href":"https:\/\/iadesl.org\/index.php\/wp-json\/wp\/v2\/types\/product"}],"wp:featuredmedia":[{"embeddable":true,"href":"https:\/\/iadesl.org\/index.php\/wp-json\/wp\/v2\/media\/6189"}],"wp:attachment":[{"href":"https:\/\/iadesl.org\/index.php\/wp-json\/wp\/v2\/media?parent=6187"}],"wp:term":[{"taxonomy":"product_brand","embeddable":true,"href":"https:\/\/iadesl.org\/index.php\/wp-json\/wp\/v2\/product_brand?post=6187"},{"taxonomy":"product_cat","embeddable":true,"href":"https:\/\/iadesl.org\/index.php\/wp-json\/wp\/v2\/product_cat?post=6187"},{"taxonomy":"product_tag","embeddable":true,"href":"https:\/\/iadesl.org\/index.php\/wp-json\/wp\/v2\/product_tag?post=6187"}],"curies":[{"name":"wp","href":"https:\/\/api.w.org\/{rel}","templated":true}]}}