{"id":6066,"date":"2025-05-28T10:39:30","date_gmt":"2025-05-28T13:39:30","guid":{"rendered":"https:\/\/iadesl.org\/?post_type=product&#038;p=6066"},"modified":"2025-06-05T00:45:24","modified_gmt":"2025-06-05T03:45:24","slug":"recurso-visual-josafa","status":"publish","type":"product","link":"https:\/\/iadesl.org\/index.php\/produto\/recurso-visual-josafa\/","title":{"rendered":"Recurso Visual &#8211; JOSAF\u00c1"},"content":{"rendered":"<p>Moldes Recurso Visual &#8211; JOSAF\u00c1<br \/>\nEBF 2025: Vencedores. Os Segredos da Obedi\u00eancia<br \/>\npro Tia Keyla Pav\u00e3o<\/p>\n","protected":false},"excerpt":{"rendered":"<p>Moldes Recurso Visual &#8211; JOSAF\u00c1 EBF 2025: Vencedores. Os Segredos da Obedi\u00eancia pro Tia Keyla Pav\u00e3o<\/p>\n","protected":false},"featured_media":6068,"template":"","meta":[],"product_brand":[],"product_cat":[2327,2369,2370],"product_tag":[],"class_list":{"0":"post-6066","1":"product","2":"type-product","3":"status-publish","4":"has-post-thumbnail","6":"product_cat-kit-treinamento","7":"product_cat-molde","8":"product_cat-recurso-visual","10":"first","11":"instock","12":"featured","13":"downloadable","14":"virtual","15":"purchasable","16":"product-type-simple"},"_links":{"self":[{"href":"https:\/\/iadesl.org\/index.php\/wp-json\/wp\/v2\/product\/6066","targetHints":{"allow":["GET"]}}],"collection":[{"href":"https:\/\/iadesl.org\/index.php\/wp-json\/wp\/v2\/product"}],"about":[{"href":"https:\/\/iadesl.org\/index.php\/wp-json\/wp\/v2\/types\/product"}],"wp:featuredmedia":[{"embeddable":true,"href":"https:\/\/iadesl.org\/index.php\/wp-json\/wp\/v2\/media\/6068"}],"wp:attachment":[{"href":"https:\/\/iadesl.org\/index.php\/wp-json\/wp\/v2\/media?parent=6066"}],"wp:term":[{"taxonomy":"product_brand","embeddable":true,"href":"https:\/\/iadesl.org\/index.php\/wp-json\/wp\/v2\/product_brand?post=6066"},{"taxonomy":"product_cat","embeddable":true,"href":"https:\/\/iadesl.org\/index.php\/wp-json\/wp\/v2\/product_cat?post=6066"},{"taxonomy":"product_tag","embeddable":true,"href":"https:\/\/iadesl.org\/index.php\/wp-json\/wp\/v2\/product_tag?post=6066"}],"curies":[{"name":"wp","href":"https:\/\/api.w.org\/{rel}","templated":true}]}}