{"id":4789,"date":"2024-09-26T17:48:58","date_gmt":"2024-09-26T20:48:58","guid":{"rendered":"https:\/\/iadesl.org\/?post_type=product&#038;p=4789"},"modified":"2025-06-05T00:44:16","modified_gmt":"2025-06-05T03:44:16","slug":"inscricao-congresso-infantil-diadesl","status":"publish","type":"product","link":"https:\/\/iadesl.org\/index.php\/produto\/inscricao-congresso-infantil-diadesl\/","title":{"rendered":"Inscri\u00e7\u00e3o Congresso Infantil DIADESL"},"content":{"rendered":"<p>Inscri\u00e7\u00e3o Congresso Infantil DIADESL 2024 que acompanha Kit: Camisa do Congresso e Pulseira de Acesso ao Evento<\/p>\n","protected":false},"excerpt":{"rendered":"<p>Inscri\u00e7\u00e3o Congresso Infantil DIADESL 2024 que acompanha Kit: Camisa do Congresso e Pulseira de Acesso ao Evento<\/p>\n","protected":false},"featured_media":4790,"template":"","meta":[],"product_brand":[],"product_cat":[2320,2348,2319,2327],"product_tag":[],"class_list":{"0":"post-4789","1":"product","2":"type-product","3":"status-publish","4":"has-post-thumbnail","6":"product_cat-conferencia","7":"product_cat-congresso","8":"product_cat-evento","9":"product_cat-kit-treinamento","11":"first","12":"outofstock","13":"virtual","14":"purchasable","15":"product-type-simple"},"_links":{"self":[{"href":"https:\/\/iadesl.org\/index.php\/wp-json\/wp\/v2\/product\/4789","targetHints":{"allow":["GET"]}}],"collection":[{"href":"https:\/\/iadesl.org\/index.php\/wp-json\/wp\/v2\/product"}],"about":[{"href":"https:\/\/iadesl.org\/index.php\/wp-json\/wp\/v2\/types\/product"}],"wp:featuredmedia":[{"embeddable":true,"href":"https:\/\/iadesl.org\/index.php\/wp-json\/wp\/v2\/media\/4790"}],"wp:attachment":[{"href":"https:\/\/iadesl.org\/index.php\/wp-json\/wp\/v2\/media?parent=4789"}],"wp:term":[{"taxonomy":"product_brand","embeddable":true,"href":"https:\/\/iadesl.org\/index.php\/wp-json\/wp\/v2\/product_brand?post=4789"},{"taxonomy":"product_cat","embeddable":true,"href":"https:\/\/iadesl.org\/index.php\/wp-json\/wp\/v2\/product_cat?post=4789"},{"taxonomy":"product_tag","embeddable":true,"href":"https:\/\/iadesl.org\/index.php\/wp-json\/wp\/v2\/product_tag?post=4789"}],"curies":[{"name":"wp","href":"https:\/\/api.w.org\/{rel}","templated":true}]}}