{"id":4011,"date":"2024-06-14T21:45:34","date_gmt":"2024-06-15T00:45:34","guid":{"rendered":"https:\/\/iadesl.org\/?post_type=product&#038;p=4011"},"modified":"2025-06-05T00:45:46","modified_gmt":"2025-06-05T03:45:46","slug":"moldes-alfa-e-omega","status":"publish","type":"product","link":"https:\/\/iadesl.org\/index.php\/produto\/moldes-alfa-e-omega\/","title":{"rendered":"Moldes Alfa e \u00d4mega"},"content":{"rendered":"<p>Moldes da Hist\u00f3ria 4 da EBF 2024: A Origem por Tia Keyla Pav\u00e3o<\/p>\n","protected":false},"excerpt":{"rendered":"<p>Moldes da Hist\u00f3ria 4 da EBF 2024: A Origem por Tia Keyla Pav\u00e3o<\/p>\n","protected":false},"featured_media":4014,"template":"","meta":[],"product_brand":[],"product_cat":[2327],"product_tag":[],"class_list":{"0":"post-4011","1":"product","2":"type-product","3":"status-publish","4":"has-post-thumbnail","6":"product_cat-kit-treinamento","8":"first","9":"instock","10":"featured","11":"downloadable","12":"virtual","13":"purchasable","14":"product-type-simple"},"_links":{"self":[{"href":"https:\/\/iadesl.org\/index.php\/wp-json\/wp\/v2\/product\/4011","targetHints":{"allow":["GET"]}}],"collection":[{"href":"https:\/\/iadesl.org\/index.php\/wp-json\/wp\/v2\/product"}],"about":[{"href":"https:\/\/iadesl.org\/index.php\/wp-json\/wp\/v2\/types\/product"}],"wp:featuredmedia":[{"embeddable":true,"href":"https:\/\/iadesl.org\/index.php\/wp-json\/wp\/v2\/media\/4014"}],"wp:attachment":[{"href":"https:\/\/iadesl.org\/index.php\/wp-json\/wp\/v2\/media?parent=4011"}],"wp:term":[{"taxonomy":"product_brand","embeddable":true,"href":"https:\/\/iadesl.org\/index.php\/wp-json\/wp\/v2\/product_brand?post=4011"},{"taxonomy":"product_cat","embeddable":true,"href":"https:\/\/iadesl.org\/index.php\/wp-json\/wp\/v2\/product_cat?post=4011"},{"taxonomy":"product_tag","embeddable":true,"href":"https:\/\/iadesl.org\/index.php\/wp-json\/wp\/v2\/product_tag?post=4011"}],"curies":[{"name":"wp","href":"https:\/\/api.w.org\/{rel}","templated":true}]}}