{"id":3374,"date":"2024-04-19T00:37:56","date_gmt":"2024-04-19T03:37:56","guid":{"rendered":"https:\/\/iadesl.org\/?post_type=product&#038;p=3374"},"modified":"2024-10-31T00:22:56","modified_gmt":"2024-10-31T03:22:56","slug":"inscricao-treinamento-ebf-2024","status":"publish","type":"product","link":"https:\/\/iadesl.org\/index.php\/produto\/inscricao-treinamento-ebf-2024\/","title":{"rendered":"Inscri\u00e7\u00e3o Treinamento EBF 2024"},"content":{"rendered":"<p>Inscri\u00e7\u00e3o de Ingresso no Treinamento da Escola B\u00edblica de F\u00e9rias 2024 &#8211; Departamento Infantil da IADESL<\/p>\n","protected":false},"excerpt":{"rendered":"<p>Inscri\u00e7\u00e3o de Ingresso no Treinamento da Escola B\u00edblica de F\u00e9rias 2024 &#8211; Departamento Infantil da IADESL<\/p>\n","protected":false},"featured_media":0,"template":"","meta":[],"product_brand":[],"product_cat":[2319],"product_tag":[2326,2318,2317,2325],"class_list":{"0":"post-3374","1":"product","2":"type-product","3":"status-publish","5":"product_cat-evento","6":"product_tag-2326","7":"product_tag-infantil","8":"product_tag-ministerio","9":"product_tag-treinamento","11":"first","12":"outofstock","13":"virtual","14":"sold-individually","15":"purchasable","16":"product-type-simple"},"_links":{"self":[{"href":"https:\/\/iadesl.org\/index.php\/wp-json\/wp\/v2\/product\/3374","targetHints":{"allow":["GET"]}}],"collection":[{"href":"https:\/\/iadesl.org\/index.php\/wp-json\/wp\/v2\/product"}],"about":[{"href":"https:\/\/iadesl.org\/index.php\/wp-json\/wp\/v2\/types\/product"}],"wp:attachment":[{"href":"https:\/\/iadesl.org\/index.php\/wp-json\/wp\/v2\/media?parent=3374"}],"wp:term":[{"taxonomy":"product_brand","embeddable":true,"href":"https:\/\/iadesl.org\/index.php\/wp-json\/wp\/v2\/product_brand?post=3374"},{"taxonomy":"product_cat","embeddable":true,"href":"https:\/\/iadesl.org\/index.php\/wp-json\/wp\/v2\/product_cat?post=3374"},{"taxonomy":"product_tag","embeddable":true,"href":"https:\/\/iadesl.org\/index.php\/wp-json\/wp\/v2\/product_tag?post=3374"}],"curies":[{"name":"wp","href":"https:\/\/api.w.org\/{rel}","templated":true}]}}