{"id":842,"date":"2022-08-24T14:17:09","date_gmt":"2022-08-24T17:17:09","guid":{"rendered":"https:\/\/iadesl.org\/?page_id=842"},"modified":"2022-08-25T13:45:22","modified_gmt":"2022-08-25T16:45:22","slug":"agenda","status":"publish","type":"page","link":"https:\/\/iadesl.org\/index.php\/agenda\/","title":{"rendered":"Agenda"},"content":{"rendered":"\n<div class=\"wp-block-group is-vertical is-content-justification-center is-nowrap is-layout-flex wp-container-core-group-is-layout-73832be3 wp-block-group-is-layout-flex\">\n<div class=\"wp-block-columns is-layout-flex wp-container-core-columns-is-layout-9d6595d7 wp-block-columns-is-layout-flex\">\n<div class=\"wp-block-column is-layout-flow wp-block-column-is-layout-flow\">\n<div class=\"wp-block-query is-layout-flow wp-block-query-is-layout-flow\"><ul class=\"wp-block-post-template is-layout-flow wp-block-post-template-is-layout-flow\"><li class=\"wp-block-post post-2086 post type-post status-publish format-standard has-post-thumbnail category-agenda category-noticias\">\n<div class=\"wp-block-post-date has-text-color has-vivid-red-color\"><time datetime=\"2023-02-28T19:00:09-03:00\"><a href=\"https:\/\/iadesl.org\/index.php\/2023\/02\/28\/acompanhe-aqui-a-agenda-2023-da-iadesl-para-o-mes-de-marco\/\">28 de fevereiro de 2023<\/a><\/time><\/div>\n\n<div class=\"wp-block-post-excerpt has-text-color has-black-color\"><p class=\"wp-block-post-excerpt__excerpt\">As programa\u00e7\u00f5es&nbsp;da IADESL&nbsp;para o m\u00eas de Fevereiro 01. Qua &nbsp; 02. Qui &nbsp; 03. Sex &nbsp; 04. S\u00e1b Devocional 8hs as 11:30hs (DIADESL)Reuni\u00e3o com coordenadores de a\u00e7\u00e3o social, as 14:30 noCentro Social (ASSIADESL) 05.Dom &nbsp; 06. Seg 06 a 12 \u2013 Semana de Intercess\u00e3o Mission\u00e1ria (SEMADESL)Culto Adm. no TC \/ Ceia do Senhor (\u00e1reas: 05,<\/p><p class=\"wp-block-post-excerpt__more-text\"><a class=\"wp-block-post-excerpt__more-link\" href=\"https:\/\/iadesl.org\/index.php\/2023\/02\/28\/acompanhe-aqui-a-agenda-2023-da-iadesl-para-o-mes-de-marco\/\">Ler Mais<\/a><\/p><\/div>\n<\/li><li class=\"wp-block-post post-1992 post type-post status-publish format-standard has-post-thumbnail category-agenda category-noticias\">\n<div class=\"wp-block-post-date has-text-color has-vivid-red-color\"><time datetime=\"2023-02-03T16:18:32-03:00\"><a href=\"https:\/\/iadesl.org\/index.php\/2023\/02\/03\/acompanhe-aqui-a-agenda-2023-da-iadesl-para-o-mes-de-fevereiro\/\">3 de fevereiro de 2023<\/a><\/time><\/div>\n\n<div class=\"wp-block-post-excerpt has-text-color has-black-color\"><p class=\"wp-block-post-excerpt__excerpt\">As programa\u00e7\u00f5es da IADESL para o m\u00eas de Fevereiro 01. Qua &nbsp; 02. Qui &nbsp; 03. Sex &nbsp; 04. S\u00e1b Treinamento com Promotores de Miss\u00f5es (SEMADESL) 05.Dom 06. Seg Culto Adm. no TC com a Ceia do Senhor (\u00e1reas: 03, 46, 71, 96) 07. Ter Reuni\u00e3o da Semadesl com promotores de Miss\u00f5es \u00e0s 14h30min &#8211;<\/p><p class=\"wp-block-post-excerpt__more-text\"><a class=\"wp-block-post-excerpt__more-link\" href=\"https:\/\/iadesl.org\/index.php\/2023\/02\/03\/acompanhe-aqui-a-agenda-2023-da-iadesl-para-o-mes-de-fevereiro\/\">Ler Mais<\/a><\/p><\/div>\n<\/li><li class=\"wp-block-post post-1969 post type-post status-publish format-standard has-post-thumbnail category-agenda category-noticias\">\n<div class=\"wp-block-post-date has-text-color has-vivid-red-color\"><time datetime=\"2023-02-02T16:46:18-03:00\"><a href=\"https:\/\/iadesl.org\/index.php\/2023\/02\/02\/secretaria-de-educacao-crista-da-ceadema-lanca-edital-de-concurso-biblico-para-todo-o-maranhao\/\">2 de fevereiro de 2023<\/a><\/time><\/div>\n\n<div class=\"wp-block-post-excerpt has-text-color has-black-color\"><p class=\"wp-block-post-excerpt__excerpt\">Com o objetivo de estimular a Leitura da B\u00edblia nas Assembleias de Deus no Maranh\u00e3o, a Secretaria de Educa\u00e7\u00e3o Crist\u00e3 da CEADEMA lan\u00e7a nesta quarta-feira, dia 1\u00b0 de fevereiro, o Edital do Concurso B\u00edblico \u2013 &#8220;GOSTO DE LER A BIBLIA&#8221; O Concurso B\u00edblico Gosto de Ler a B\u00edblia faz parte das a\u00e7\u00f5es educacionais da Secretaria<\/p><p class=\"wp-block-post-excerpt__more-text\"><a class=\"wp-block-post-excerpt__more-link\" href=\"https:\/\/iadesl.org\/index.php\/2023\/02\/02\/secretaria-de-educacao-crista-da-ceadema-lanca-edital-de-concurso-biblico-para-todo-o-maranhao\/\">Ler Mais<\/a><\/p><\/div>\n<\/li><\/ul>\n\n<nav class=\"wp-block-query-pagination is-content-justification-space-between is-layout-flex wp-container-core-query-pagination-is-layout-3d213aab wp-block-query-pagination-is-layout-flex\" aria-label=\"Pagina\u00e7\u00e3o\">\n\n\n<div class=\"wp-block-query-pagination-numbers\"><span aria-label=\"Page 1\" aria-current=\"page\" class=\"page-numbers current\">1<\/span>\n<a aria-label=\"Page 2\" class=\"page-numbers\" href=\"?query-7-page=2\">2<\/a>\n<a aria-label=\"Page 3\" class=\"page-numbers\" href=\"?query-7-page=3\">3<\/a>\n<span class=\"page-numbers dots\">&hellip;<\/span>\n<a aria-label=\"Page 5\" class=\"page-numbers\" href=\"?query-7-page=5\">5<\/a><\/div>\n\n<a href=\"\/index.php\/wp-json\/wp\/v2\/pages\/842?query-7-page=2\" class=\"wp-block-query-pagination-next\">Pr\u00f3xima p\u00e1gina<span class='wp-block-query-pagination-next-arrow is-arrow-chevron' aria-hidden='true'>\u00bb<\/span><\/a>\n<\/nav>\n\n<\/div>\n<\/div>\n<\/div>\n<\/div>\n","protected":false},"excerpt":{"rendered":"","protected":false},"author":2,"featured_media":0,"parent":0,"menu_order":0,"comment_status":"closed","ping_status":"closed","template":"","meta":{"footnotes":""},"class_list":["post-842","page","type-page","status-publish"],"_links":{"self":[{"href":"https:\/\/iadesl.org\/index.php\/wp-json\/wp\/v2\/pages\/842","targetHints":{"allow":["GET"]}}],"collection":[{"href":"https:\/\/iadesl.org\/index.php\/wp-json\/wp\/v2\/pages"}],"about":[{"href":"https:\/\/iadesl.org\/index.php\/wp-json\/wp\/v2\/types\/page"}],"author":[{"embeddable":true,"href":"https:\/\/iadesl.org\/index.php\/wp-json\/wp\/v2\/users\/2"}],"replies":[{"embeddable":true,"href":"https:\/\/iadesl.org\/index.php\/wp-json\/wp\/v2\/comments?post=842"}],"version-history":[{"count":69,"href":"https:\/\/iadesl.org\/index.php\/wp-json\/wp\/v2\/pages\/842\/revisions"}],"predecessor-version":[{"id":7013,"href":"https:\/\/iadesl.org\/index.php\/wp-json\/wp\/v2\/pages\/842\/revisions\/7013"}],"wp:attachment":[{"href":"https:\/\/iadesl.org\/index.php\/wp-json\/wp\/v2\/media?parent=842"}],"curies":[{"name":"wp","href":"https:\/\/api.w.org\/{rel}","templated":true}]}}