{"id":3,"date":"2022-03-17T16:44:00","date_gmt":"2022-03-17T19:44:00","guid":{"rendered":"http:\/\/iadesl.org\/?page_id=3"},"modified":"2022-08-25T14:06:28","modified_gmt":"2022-08-25T17:06:28","slug":"estatudo","status":"publish","type":"page","link":"https:\/\/iadesl.org\/index.php\/estatudo\/","title":{"rendered":"Estatuto"},"content":{"rendered":"\n<div style=\"text-align: center;\">\n    <p>\n        <b>ESTATUTO DA IGREJA EVANGELICA ASSEMBLEIA DE DEUS EM S\u00c3O LUIS \u2013 ESTADO DO MARANH\u00c3O<\/b><br>\n        <b>QUINTA REFORMA<\/b><br><br>\n        <b>CAP\u00cdTULO I<\/b><br>\n        <b>Da Denomina\u00e7\u00e3o, Fins, Sede, Dura\u00e7\u00e3o e Foro<\/b>\n    <\/p>\n<\/div>\n\n<div style=\"text-align: justify;\">\n    <p><b>Art. 1\u00ba. A IGREJA EVANGELICA ASSEMBLEIA DE DEUS EM S\u00c3O LUIS,\n            ESTADO DO MARANH\u00c3O,<\/b> dantes denominada IGREJA EVANG\u00c9LICA\n        ASSEMBLEIA DE DEUS EM S\u00c3O LU\u00cdS \u2013 MA, doravante tamb\u00e9m denominada\n        IADESL, fundada em 15 de janeiro de 1922 pelo Pastor CL\u00cdMACO BUENO\n        AZA, \u00e9 pessoa jur\u00eddica de direito privado, registrada em 31\/03\/1992 no Cart\u00f3rio\n        de T\u00edtulos e Documentos \u201cCantu\u00e1ria de Azevedo\u201d, da Comarca de S\u00e3o Lu\u00eds \u2013\n        MA, em microfilme sob o n\u00b0 8.399, no Registro Civil de Pessoas Jur\u00eddicas, na\n        forma de organiza\u00e7\u00e3o religiosa, sem fins lucrativos, tendo por finalidade\n        principal a propaga\u00e7\u00e3o do Evangelho de Nosso Senhor Jesus Cristo, bem\n        como a funda\u00e7\u00e3o e manuten\u00e7\u00e3o de igrejas e congrega\u00e7\u00f5es, sob o regime de\n        filiais, com as mesmas finalidades a que se prop\u00f5e a igreja central, de dura\u00e7\u00e3o\n        por tempo indeterminado, funcionando com sede pr\u00f3pria na Rua do Passeio, n\u00ba\n        981, Centro, S\u00e3o Lu\u00eds &#8211; Maranh\u00e3o, onde tem o seu foro.<\/p>\n\n    <p><b>Art. 2\u00ba. A IGREJA EVANGELICA ASSEMBLEIA DE DEUS S\u00c3O LUIS,\n            ESTADO DO MARANH\u00c3O,<\/b> compreende a Igreja Central suas congrega\u00e7\u00f5es\n        organizadas em \u00e1reas de trabalhos pastorais localizadas nesta cidade e em\n        outros Munic\u00edpios e seus respectivos Distritos em que, futuramente, venham a\n        ser implantadas novas igrejas e constru\u00eddos templos do mesmo minist\u00e9rio, f\u00e9 e\n        ordem, conforme inscri\u00e7\u00e3o no Cadastro de Congrega\u00e7\u00f5es, fundadas pela Igreja\n        Central, ou por ela recepcionadas, entidades subordinadas \u00e0 Igreja Central e\n        regidas por este Estatuto.<\/p>\n\n    <p><b>\u00a7 1\u00ba.<\/b> Esta institui\u00e7\u00e3o reger-se-\u00e1 pelo presente Estatuto, de conformidade com\n        as determina\u00e7\u00f5es legais pertinentes \u00e0 mat\u00e9ria.<\/p>\n\n    <p><b>\u00a7 2\u00ba.<\/b> Como finalidade secund\u00e1ria, prop\u00f5e-se a fundar e manter\n        estabelecimentos culturais e assistenciais de cunho filantr\u00f3pico e sem fins\n        lucrativos.<\/p>\n\n    <p><b>Art. 3\u00ba. A IGREJA EVANGELICA ASSEMBLEIA DE DEUS S\u00c3O LUIS,\n            ESTADO DO MARANH\u00c3O,<\/b> por afinidade aos princ\u00edpios espirituais que\n        professa, compartilha com as regras de f\u00e9 e pr\u00e1ticas doutrin\u00e1rias das demais\n        Assembleias de Deus no Brasil, reconhece a CEADEMA &#8211; Conven\u00e7\u00e3o Estadual\n        das Assembleias de Deus no Maranh\u00e3o e a CGADB &#8211; Conven\u00e7\u00e3o Geral das\n        Assembleias de Deus no Brasil, sendo competente e aut\u00f4noma para, por si\n        mesma, resolver qualquer quest\u00e3o de ordem interna, administrativa, judicial ou\n        espiritual, que surgir em sua sede e congrega\u00e7\u00f5es.<\/p>\n\n    <p><b>\u00a7 1\u00ba.<\/b> Dita Igreja, em suas decis\u00f5es, onde for compat\u00edvel e de seu leg\u00edtimo\n        interesse, poder\u00e1 acatar as orienta\u00e7\u00f5es e instru\u00e7\u00f5es emanadas dessas\n        entidades convencionais, em especial, tratando-se de assuntos que resguardem a manuten\u00e7\u00e3o dos princ\u00edpios\n        doutrin\u00e1rios praticados pelas\n        Assembleias de Deus no Brasil, em conformidade com a B\u00edblia Sagrada.<\/p>\n\n    <p><b>\u00a7 2\u00ba.<\/b> A IADESL se relacionar\u00e1 com as demais igrejas da mesma denomina\u00e7\u00e3o,\n        f\u00e9 e ordem, obrigando-se ao respeito m\u00fatuo da respectiva circunscri\u00e7\u00e3o\n        territorial, podendo, por\u00e9m, voluntariamente, prestar e receber coopera\u00e7\u00e3o\n        financeira e espiritual, mui especialmente na realiza\u00e7\u00e3o de obras de car\u00e1ter\n        mission\u00e1rio, social e educacional.<\/p>\n<\/div>\n\n<div style=\"text-align: center;\">\n    <p>\n        <b>CAP\u00cdTULO II<\/b><br>\n        <b>Principais Atividades<\/b>\n    <\/p>\n<\/div>\n\n<div style=\"text-align: justify;\">\n    <p><b>Art. 4\u00ba.<\/b> S\u00e3o atividades da IADESL:<\/p>\n\n    <p><b>I<\/b> \u2013 pregar o Evangelho, discipular e batizar os novos convertidos;<\/p>\n\n    <p><b>II<\/b> \u2013 primar pela manuten\u00e7\u00e3o da Igreja, seus cursos educacionais, culturais e\n        assistenciais de cunho filantr\u00f3pico;<\/p>\n\n    <p><b>III<\/b> \u2013 promover escolas b\u00edblicas, semin\u00e1rios, congressos, simp\u00f3sios,\n        confer\u00eancias, cruzadas evangel\u00edsticas, encontros para casais, jovens,\n        adolescentes e crian\u00e7as, evangelismo e outras atividades espirituais;<\/p>\n\n    <p><b>IV<\/b> \u2013 fundar institui\u00e7\u00f5es assistenciais, culturais e educacionais, sem fins\n        lucrativos.<\/p>\n<\/div>\n\n<div style=\"text-align: center;\">\n    <p>\n        <b>CAP\u00cdTULO III<\/b><br>\n        <b>Dos Requisitos para a Admiss\u00e3o do Membro<\/b>\n    <\/p>\n<\/div>\n\n<div style=\"text-align: justify;\">\n    <p><b>Art. 5\u00ba.<\/b> A admiss\u00e3o ao quadro de membros da IADESL far-se-\u00e1, obedecidos\n        aos requisitos deste Estatuto, mediante conhecimento pr\u00e9vio das atividades e\n        objetivos da Igreja e seus pertinentes segmentos, acompanhado de declara\u00e7\u00e3o\n        de aceita\u00e7\u00e3o das normas estatut\u00e1rias em vigor firmada pelo membro, inclusive\n        confiss\u00e3o expressa de que cr\u00ea:<\/p>\n\n    <p><b>I<\/b> \u2013 Na inspira\u00e7\u00e3o divina verbal e plen\u00e1ria da B\u00edblia Sagrada, \u00fanica regra infal\u00edvel\n        de f\u00e9 e pr\u00e1tica para a vida e o car\u00e1ter crist\u00e3o (2 Tm 3.14-17);<\/p>\n\n    <p><b>II<\/b> \u2013 Em um s\u00f3 Deus, eternamente subsistente em tr\u00eas pessoas distintas que,\n        embora distintas, s\u00e3o iguais em poder, gl\u00f3ria e majestade: o Pai, o Filho e o\n        Esp\u00edrito Santo; Criador do Universo, de todas as coisas que h\u00e1 nos c\u00e9us e na\n        terra, vis\u00edveis e invis\u00edveis, e, de maneira especial, os seres humanos, por um\n        ato sobrenatural e imediato, e n\u00e3o por um processo evolutivo (Dt 6.4; Mt 28.19;\n        Mc 12.29; Gn 1.1; 2.7; Hb 11.3 e Ap 4.11);<\/p>\n\n    <p><b>III<\/b> \u2013 No Senhor Jesus Cristo, o Filho Unig\u00eanito de Deus, plenamente Deus,\n        plenamente Homem, na concep\u00e7\u00e3o e no seu nascimento virginal, em sua morte\n        vic\u00e1ria e expiat\u00f3ria, em sua ressurrei\u00e7\u00e3o corporal dentre os mortos e em sua\n        ascens\u00e3o vitoriosa aos c\u00e9us como Salvador do mundo (Jo 3.16- 18; Rm 1.3,4;\n        Is 7.14; Mt 1.23; Hb 10.12; Rm 8.34 e At 1.9);<\/p>\n\n    <p><b>IV<\/b> \u2013 No Esp\u00edrito Santo, a terceira pessoa da Sant\u00edssima Trindade,\n        consubstancial com o Pai e o Filho, Senhor e Vivificador; que convence o\n        mundo do pecado, da justi\u00e7a e do ju\u00edzo; que regenera o pecador; que falou por\n        meio dos profetas e continua guiando o seu povo (2 Co 13.13; 2 Co 3.6,17; Rm\n        8.2; Jo 16.11; Tt 3.5; 2 Pe 1.21 e Jo 16.13);<\/p>\n\n    <p><b>V<\/b> \u2013 Na pecaminosidade do homem, que o destituiu da gl\u00f3ria de Deus e que\n        somente o arrependimento e a f\u00e9 na obra expiat\u00f3ria e redentora de Jesus\n        Cristo podem restaur\u00e1-lo a Deus (Rm 3.23; At 3.19);<\/p>\n\n    <p><b>VI<\/b> \u2013 Na necessidade absoluta do novo nascimento pela gra\u00e7a de Deus\n        mediante a f\u00e9 em Jesus Cristo e pelo poder atuante do Esp\u00edrito Santo e da\n        Palavra de Deus para tornar o homem aceito no Reino dos C\u00e9us (Jo 3.3-8, Ef\n        2.8,9);<\/p>\n\n    <p><b>VII<\/b> \u2013 No perd\u00e3o dos pecados, na salva\u00e7\u00e3o plena e na justifica\u00e7\u00e3o pela f\u00e9 no\n        sacrif\u00edcio efetuado por Jesus Cristo em nosso favor (At 10.43; Rm 10.13; 3.24-\n        26; Hb 7.25; 5.9);<\/p>\n\n\n    <p><b>VIII<\/b> \u2013 Na Igreja, que \u00e9 o corpo de Cristo, coluna e firmeza da verdade, una,\n        santa e universal assembleia dos fi\u00e9is remidos de todas as eras e todos os\n        lugares, chamados do mundo pelo Esp\u00edrito Santo para seguir a Cristo e adorar\n        a Deus (1 Co 12.27; Jo 4.23; 1 Tm 3.15; Hb 12.23; Ap 22.17);<\/p>\n\n\n    <p><b>IX<\/b> \u2013 No batismo b\u00edblico efetuado por imers\u00e3o em \u00e1guas, uma s\u00f3 vez, em nome\n        do Pai, e do Filho, e do Esp\u00edrito Santo, conforme determinou o Senhor Jesus\n        Cristo (Mt 28.19; Rm 6.1-6; Cl 2.12);<\/p>\n\n\n    <p><b>X<\/b> \u2013 Na necessidade e na possibilidade de termos vida santa e irrepreens\u00edvel\n        por obra do Esp\u00edrito Santo, que nos capacita a viver como fi\u00e9is testemunhas de\n        Jesus Cristo (Hb 9.14; 1 Pe 1.15);<\/p>\n\n    <p><b>XI<\/b> \u2013 No batismo no Esp\u00edrito Santo, conforme as Escrituras, que nos \u00e9 dado por\n        Jesus Cristo, demonstrado pela evid\u00eancia f\u00edsica do falar em outras l\u00ednguas,\n        conforme a sua vontade (At 1.5; 2.4; 10.44-46; 19.1-7);<\/p>\n\n    <p><b>XII<\/b> \u2013 Na atualidade dos dons espirituais distribu\u00eddos pelo Esp\u00edrito Santo \u00e0 Igreja\n        para sua edifica\u00e7\u00e3o, conforme sua soberana vontade para o que for \u00fatil (1 Co\n        12.1-12);<\/p>\n\n    <p><b>XIII<\/b> \u2013 Na segunda vinda de Cristo, em duas fases distintas: a primeira \u2014\n        invis\u00edvel ao mundo, para arrebatar a sua Igreja antes da Grande Tribula\u00e7\u00e3o; a\n        segunda \u2014 vis\u00edvel e corporal, com a sua Igreja glorificada, para reinar sobre o\n        mundo durante mil anos (1 Ts 4.16, 17; 1 Co 15.51-54; Ap 20.4; Zc 14.5; Jd\n        1.14);<\/p>\n\n    <p><b>XIV<\/b> \u2013 No comparecimento ante o Tribunal de Cristo de todos os crist\u00e3os\n        arrebatados, para receberem a recompensa pelos seus feitos em favor da\n        causa de Cristo na Terra (2 Co 5.10);<\/p>\n\n    <p><b>XV<\/b> \u2013 No Ju\u00edzo Final, onde comparecer\u00e3o todos os \u00edmpios: desde a Cria\u00e7\u00e3o at\u00e9\n        o fim do Mil\u00eanio; os que morrerem durante o per\u00edodo milenial e os que, ao final\n        desta \u00e9poca, estiverem vivos. E na eternidade de tristeza e tormento para os\n        infi\u00e9is e vida eterna de gozo e felicidade para os fi\u00e9is de todos os tempos (Mt\n        25.46; Is 65.20; Ap 20.11-15; 21.1-4).<\/p>\n\n    <p><b>XVI<\/b> \u2013 Cremos, tamb\u00e9m, que o casamento foi institu\u00eddo por Deus e ratificado por\n        nosso Senhor Jesus Cristo como uni\u00e3o entre um homem e uma mulher,\n        nascidos macho e f\u00eamea, respectivamente, em conformidade com o definido\n        pelo sexo de cria\u00e7\u00e3o geneticamente determinado (Gn 2.18; Jo 2.1,2; Gn 2.24;\n        1.27).<\/p>\n\n    <p><b>Par\u00e1grafo \u00danico<\/b> \u2013 Al\u00e9m da declara\u00e7\u00e3o exigida no caput deste artigo e das\n        cren\u00e7as acima elencadas, o candidato deve declarar que aceita a liturgia da\n        Igreja \u2013 em suas diversas formas e pr\u00e1ticas, suas doutrinas, costumes e\n        capta\u00e7\u00e3o de recursos, como estabelecidos na B\u00edblia Sagrada.<\/p>\n<\/div>\n\n<div style=\"text-align: center;\">\n    <p>\n        <b>CAP\u00cdTULO IV<\/b><br>\n        <b>Dos Membros, Seus Direitos e Deveres<\/b>\n    <\/p>\n<\/div>\n\n<div style=\"text-align: justify;\">\n    <p><b>Art. 6\u00ba.<\/b> A IADESL ter\u00e1 ilimitado n\u00famero de membros, os quais s\u00e3o admitidos\n        na qualidade de crentes em Nosso Senhor Jesus Cristo, sem discrimina\u00e7\u00e3o de\n        sexo, nacionalidade, cor, ra\u00e7a, condi\u00e7\u00e3o social ou pol\u00edtica, desde que aceitem,\n        voluntariamente, as doutrinas e a disciplina da Igreja, com bom testemunho\n        p\u00fablico, batismo em \u00e1guas por imers\u00e3o, tendo a B\u00edblia Sagrada como \u00fanica\n        regra infal\u00edvel de f\u00e9 e pr\u00e1tica para a vida e forma\u00e7\u00e3o crist\u00e3.<\/p>\n\n    <p><b>Art. 7\u00ba.<\/b> \u2013 S\u00e3o direitos dos membros:<\/p>\n\n    <p><b>I<\/b> \u2013 receber orienta\u00e7\u00e3o e assist\u00eancia espiritual;<\/p>\n\n    <p><b>II<\/b> \u2013 participar dos cultos e demais atividades desenvolvidas pela IADESL;<\/p>\n\n    <p><b>III<\/b> \u2013 participar das assembleias ordin\u00e1rias e extraordin\u00e1rias; e<\/p>\n\n    <p><b>IV<\/b> \u2013 votar e ser votado, nomeado ou credenciado para fins de interesse da\n        IADESL.<\/p>\n\n    <p><b>Art. 8\u00ba.<\/b> \u2013 S\u00e3o deveres dos membros:<\/p>\n\n    <p><b>I<\/b> \u2013 cumprir o Estatuto, as decis\u00f5es ministeriais, pastorais e das assembleias;<\/p>\n\n    <p><b>II<\/b> \u2013 contribuir, voluntariamente, com seus d\u00edzimos e ofertas, inclusive com bens\n        materiais de quaisquer esp\u00e9cies, para as despesas gerais da IADESL,\n        manuten\u00e7\u00e3o pastoral, atendimentos sociais, socorro aos comprovadamente\n        necessitados, mission\u00e1rios, propaga\u00e7\u00e3o do Evangelho e aquisi\u00e7\u00e3o de\n        patrim\u00f4nio e sua conserva\u00e7\u00e3o;<\/p>\n\n    <p><b>III<\/b> \u2013 comparecer \u00e0s assembleias, quando convocados;<\/p>\n\n    <p><b>IV<\/b> \u2013 zelar pelo patrim\u00f4nio moral e material da IADESL;<\/p>\n\n    <p><b>V<\/b> \u2013 prestigiar a IADESL, contribuindo, voluntariamente, com servi\u00e7os para a\n        execu\u00e7\u00e3o de suas atividades espirituais e seculares;<\/p>\n\n    <p><b>VI<\/b> \u2013 rejeitar movimentos ecum\u00eanicos discrepantes dos princ\u00edpios b\u00edblicos\n        adotados pela IADESL;<\/p>\n\n    <p><b>VII<\/b> \u2013 frequentar a Igreja e cultuar com habitualidade;<\/p>\n\n    <p><b>VIII<\/b> \u2013 abster-se da pr\u00e1tica de ato sexual antes do casamento ou extraconjugal e\n        outras incompat\u00edveis com a moral, com os bons costumes e com a doutrina\n        b\u00edblica esposada pela Assembleia de Deus no Brasil.<\/p>\n\n    <p><b>Art. 9\u00ba.<\/b> \u2013 Perder\u00e1 sua condi\u00e7\u00e3o de membro, inclusive seus cargos e fun\u00e7\u00f5es, se\n        pertencente \u00e0 diretoria ou minist\u00e9rio, aquele que:<\/p>\n\n    <p><b>I<\/b> \u2013 solicitar seu desligamento ou transfer\u00eancia para outra Igreja;<\/p>\n\n    <p><b>II<\/b> \u2013 filiar-se a outra Igreja sem solicitar o desligamento ou pedir transfer\u00eancia;<\/p>\n    <p><b>III<\/b> \u2013 n\u00e3o pautar sua vida conforme os preceitos b\u00edblicos, negando os requisitos\n        preliminares de que trata o art. 5\u00ba, incisos I, II e III;<\/p>\n    <p><b>IV<\/b> \u2013 n\u00e3o cumprir seus deveres expressos, neste Estatuto, bem como as\n        determina\u00e7\u00f5es emanadas da administra\u00e7\u00e3o geral;<\/p>\n    <p><b>V<\/b> \u2013 promover dissid\u00eancia manifesta ou se rebelar contra a autoridade da\n        IADESL, minist\u00e9rio e das assembleias gerais;<\/p>\n    <p><b>VI<\/b> \u2013 vier a falecer;<\/p>\n    <p><b>VII<\/b> \u2013 n\u00e3o viver de acordo com as doutrinas da B\u00edblia Sagrada, tendo qualquer\n        uma das condutas abaixo:<\/p>\n    <p>a) adult\u00e9rio (Ex 20.14);<\/p>\n    <p>b) fornica\u00e7\u00e3o (Ex 20.14);<\/p>\n    <p>c) prostitui\u00e7\u00e3o (Ex 20.14);<\/p>\n    <p>d) homossexualismo (Lv 18.22;20.13;Rm 1.26-28);<\/p>\n    <p>e) rela\u00e7\u00e3o sexual com animais (Lv 18.23-24);<\/p>\n    <p>f) pedofilia;<\/p>\n    <p>g) homic\u00eddio e sua tentativa (Ex 20.13; 21.18-19);<\/p>\n    <p>h) furto ou roubo (Ex 20.15);<\/p>\n    <p>i) crime previsto pela lei, demonstrado pela condena\u00e7\u00e3o em processo pr\u00f3prio e\n        tr\u00e2nsito em julgado (Rm 13.1-7);<\/p>\n    <p>j) rebeli\u00e3o (I Sm 15.23);<\/p>\n    <p>k) a feiti\u00e7aria e suas ramifica\u00e7\u00f5es (Ap 22.15;Gl5.19);<\/p>\n    <p>l) uso de bebidas alco\u00f3licas (Ef 5:18); e<\/p>\n    <p>m) outras pr\u00e1ticas semelhantes a essas.<\/p>\n<\/div>\n","protected":false},"excerpt":{"rendered":"<p>ESTATUTO DA IGREJA EVANGELICA ASSEMBLEIA DE DEUS EM S\u00c3O LUIS \u2013 ESTADO DO MARANH\u00c3O QUINTA REFORMA CAP\u00cdTULO I Da Denomina\u00e7\u00e3o, Fins, Sede, Dura\u00e7\u00e3o e Foro Art. 1\u00ba. A IGREJA EVANGELICA ASSEMBLEIA DE DEUS EM S\u00c3O LUIS, ESTADO DO MARANH\u00c3O, dantes denominada IGREJA EVANG\u00c9LICA ASSEMBLEIA DE DEUS EM S\u00c3O LU\u00cdS \u2013 MA, doravante tamb\u00e9m denominada IADESL, [&hellip;]<\/p>\n","protected":false},"author":1,"featured_media":0,"parent":0,"menu_order":0,"comment_status":"closed","ping_status":"closed","template":"","meta":{"footnotes":""},"class_list":["post-3","page","type-page","status-publish"],"_links":{"self":[{"href":"https:\/\/iadesl.org\/index.php\/wp-json\/wp\/v2\/pages\/3","targetHints":{"allow":["GET"]}}],"collection":[{"href":"https:\/\/iadesl.org\/index.php\/wp-json\/wp\/v2\/pages"}],"about":[{"href":"https:\/\/iadesl.org\/index.php\/wp-json\/wp\/v2\/types\/page"}],"author":[{"embeddable":true,"href":"https:\/\/iadesl.org\/index.php\/wp-json\/wp\/v2\/users\/1"}],"replies":[{"embeddable":true,"href":"https:\/\/iadesl.org\/index.php\/wp-json\/wp\/v2\/comments?post=3"}],"version-history":[{"count":1,"href":"https:\/\/iadesl.org\/index.php\/wp-json\/wp\/v2\/pages\/3\/revisions"}],"predecessor-version":[{"id":1101,"href":"https:\/\/iadesl.org\/index.php\/wp-json\/wp\/v2\/pages\/3\/revisions\/1101"}],"wp:attachment":[{"href":"https:\/\/iadesl.org\/index.php\/wp-json\/wp\/v2\/media?parent=3"}],"curies":[{"name":"wp","href":"https:\/\/api.w.org\/{rel}","templated":true}]}}